{"id":234,"date":"2022-04-27T07:22:38","date_gmt":"2022-04-27T07:22:38","guid":{"rendered":"https:\/\/faellkran.net\/?page_id=234"},"modified":"2022-04-27T07:38:20","modified_gmt":"2022-04-27T07:38:20","slug":"impressum","status":"publish","type":"page","link":"https:\/\/faellkran.net\/index.php\/impressum\/","title":{"rendered":"Impressum"},"content":{"rendered":"\t\t<div data-elementor-type=\"wp-page\" data-elementor-id=\"234\" class=\"elementor elementor-234\">\n\t\t\t\t\t\t<section class=\"elementor-section elementor-top-section elementor-element elementor-element-6d713b8 elementor-section-stretched elementor-section-boxed elementor-section-height-default elementor-section-height-default\" data-id=\"6d713b8\" data-element_type=\"section\" data-e-type=\"section\" data-settings=\"{&quot;stretch_section&quot;:&quot;section-stretched&quot;}\">\n\t\t\t\t\t\t<div class=\"elementor-container elementor-column-gap-default\">\n\t\t\t\t\t<div class=\"elementor-column elementor-col-100 elementor-top-column elementor-element elementor-element-4714094\" data-id=\"4714094\" data-element_type=\"column\" data-e-type=\"column\">\n\t\t\t<div class=\"elementor-widget-wrap elementor-element-populated\">\n\t\t\t\t\t\t<div class=\"elementor-element elementor-element-1c66446 elementor-widget elementor-widget-text-editor\" data-id=\"1c66446\" data-element_type=\"widget\" data-e-type=\"widget\" data-widget_type=\"text-editor.default\">\n\t\t\t\t<div class=\"elementor-widget-container\">\n\t\t\t\t\t\t\t\t\t<h2>Angaben gem\u00e4\u00df \u00a7 5 TMG:<\/h2>\n<p>Wilpert Problembaum-F\u00e4llungen Einzelfirma<\/p>\n<h3>Postanschrift:<\/h3>\n<p>Vogelsang 5 a<br>93161 Sinzing<\/p>\n<h3>Kontakt:<\/h3>\n<p>Telefon: 09404 5178<br>Telefax: 09404 5150<br>E-Mail: info@faellkran<span style=\"font-size: 1rem;\">.net<\/span><\/p>\n<p><\/p>\n<h3>Vertreten durch:<\/h3>\n<p>Markus Wilpert<\/p>\t\t\t\t\t\t\t\t<\/div>\n\t\t\t\t<\/div>\n\t\t\t\t\t<\/div>\n\t\t<\/div>\n\t\t\t\t\t<\/div>\n\t\t<\/section>\n\t\t\t\t<\/div>\n\t\t","protected":false},"excerpt":{"rendered":"<p>Angaben gem\u00e4\u00df \u00a7 5 TMG: Wilpert Problembaum-F\u00e4llungen Einzelfirma Postanschrift: Vogelsang 5 a93161 Sinzing Kontakt: Telefon: 09404 5178Telefax: 09404 5150E-Mail: info@faellkran.net Vertreten durch: Markus Wilpert<\/p>\n","protected":false},"author":1,"featured_media":0,"parent":0,"menu_order":0,"comment_status":"closed","ping_status":"closed","template":"","meta":{"footnotes":""},"class_list":["post-234","page","type-page","status-publish","hentry"],"yoast_head":"<!-- This site is optimized with the Yoast SEO plugin v27.5 - https:\/\/yoast.com\/product\/yoast-seo-wordpress\/ -->\n<title>Impressum - Wilpert Problembaum-F\u00e4llungen<\/title>\n<meta name=\"robots\" content=\"index, follow, max-snippet:-1, max-image-preview:large, max-video-preview:-1\" \/>\n<link rel=\"canonical\" href=\"https:\/\/faellkran.net\/index.php\/impressum\/\" \/>\n<meta property=\"og:locale\" content=\"de_DE\" \/>\n<meta property=\"og:type\" content=\"article\" \/>\n<meta property=\"og:title\" content=\"Impressum - Wilpert Problembaum-F\u00e4llungen\" \/>\n<meta property=\"og:description\" content=\"Angaben gem\u00e4\u00df \u00a7 5 TMG: Wilpert Problembaum-F\u00e4llungen Einzelfirma Postanschrift: Vogelsang 5 a93161 Sinzing Kontakt: Telefon: 09404 5178Telefax: 09404 5150E-Mail: info@faellkran.net Vertreten durch: Markus Wilpert\" \/>\n<meta property=\"og:url\" content=\"https:\/\/faellkran.net\/index.php\/impressum\/\" \/>\n<meta property=\"og:site_name\" content=\"Wilpert Problembaum-F\u00e4llungen\" \/>\n<meta property=\"article:modified_time\" content=\"2022-04-27T07:38:20+00:00\" \/>\n<meta name=\"twitter:card\" content=\"summary_large_image\" \/>\n<meta name=\"twitter:label1\" content=\"Gesch\u00e4tzte Lesezeit\" \/>\n\t<meta name=\"twitter:data1\" content=\"1\u00a0Minute\" \/>\n<script type=\"application\/ld+json\" class=\"yoast-schema-graph\">{\"@context\":\"https:\\\/\\\/schema.org\",\"@graph\":[{\"@type\":\"WebPage\",\"@id\":\"https:\\\/\\\/faellkran.net\\\/index.php\\\/impressum\\\/\",\"url\":\"https:\\\/\\\/faellkran.net\\\/index.php\\\/impressum\\\/\",\"name\":\"Impressum - Wilpert Problembaum-F\u00e4llungen\",\"isPartOf\":{\"@id\":\"https:\\\/\\\/faellkran.net\\\/#website\"},\"datePublished\":\"2022-04-27T07:22:38+00:00\",\"dateModified\":\"2022-04-27T07:38:20+00:00\",\"breadcrumb\":{\"@id\":\"https:\\\/\\\/faellkran.net\\\/index.php\\\/impressum\\\/#breadcrumb\"},\"inLanguage\":\"de\",\"potentialAction\":[{\"@type\":\"ReadAction\",\"target\":[\"https:\\\/\\\/faellkran.net\\\/index.php\\\/impressum\\\/\"]}]},{\"@type\":\"BreadcrumbList\",\"@id\":\"https:\\\/\\\/faellkran.net\\\/index.php\\\/impressum\\\/#breadcrumb\",\"itemListElement\":[{\"@type\":\"ListItem\",\"position\":1,\"name\":\"Startseite\",\"item\":\"https:\\\/\\\/faellkran.net\\\/\"},{\"@type\":\"ListItem\",\"position\":2,\"name\":\"Impressum\"}]},{\"@type\":\"WebSite\",\"@id\":\"https:\\\/\\\/faellkran.net\\\/#website\",\"url\":\"https:\\\/\\\/faellkran.net\\\/\",\"name\":\"Wilpert Problembaum-F\u00e4llungen\",\"description\":\"\",\"publisher\":{\"@id\":\"https:\\\/\\\/faellkran.net\\\/#organization\"},\"potentialAction\":[{\"@type\":\"SearchAction\",\"target\":{\"@type\":\"EntryPoint\",\"urlTemplate\":\"https:\\\/\\\/faellkran.net\\\/?s={search_term_string}\"},\"query-input\":{\"@type\":\"PropertyValueSpecification\",\"valueRequired\":true,\"valueName\":\"search_term_string\"}}],\"inLanguage\":\"de\"},{\"@type\":\"Organization\",\"@id\":\"https:\\\/\\\/faellkran.net\\\/#organization\",\"name\":\"Wilpert Problembaum-F\u00e4llungen\",\"url\":\"https:\\\/\\\/faellkran.net\\\/\",\"logo\":{\"@type\":\"ImageObject\",\"inLanguage\":\"de\",\"@id\":\"https:\\\/\\\/faellkran.net\\\/#\\\/schema\\\/logo\\\/image\\\/\",\"url\":\"https:\\\/\\\/faellkran.net\\\/wp-content\\\/uploads\\\/2021\\\/10\\\/cropped-cropped-Logo-gimp-3.png\",\"contentUrl\":\"https:\\\/\\\/faellkran.net\\\/wp-content\\\/uploads\\\/2021\\\/10\\\/cropped-cropped-Logo-gimp-3.png\",\"width\":167,\"height\":250,\"caption\":\"Wilpert Problembaum-F\u00e4llungen\"},\"image\":{\"@id\":\"https:\\\/\\\/faellkran.net\\\/#\\\/schema\\\/logo\\\/image\\\/\"}}]}<\/script>\n<!-- \/ Yoast SEO plugin. -->","yoast_head_json":{"title":"Impressum - Wilpert Problembaum-F\u00e4llungen","robots":{"index":"index","follow":"follow","max-snippet":"max-snippet:-1","max-image-preview":"max-image-preview:large","max-video-preview":"max-video-preview:-1"},"canonical":"https:\/\/faellkran.net\/index.php\/impressum\/","og_locale":"de_DE","og_type":"article","og_title":"Impressum - Wilpert Problembaum-F\u00e4llungen","og_description":"Angaben gem\u00e4\u00df \u00a7 5 TMG: Wilpert Problembaum-F\u00e4llungen Einzelfirma Postanschrift: Vogelsang 5 a93161 Sinzing Kontakt: Telefon: 09404 5178Telefax: 09404 5150E-Mail: info@faellkran.net Vertreten durch: Markus Wilpert","og_url":"https:\/\/faellkran.net\/index.php\/impressum\/","og_site_name":"Wilpert Problembaum-F\u00e4llungen","article_modified_time":"2022-04-27T07:38:20+00:00","twitter_card":"summary_large_image","twitter_misc":{"Gesch\u00e4tzte Lesezeit":"1\u00a0Minute"},"schema":{"@context":"https:\/\/schema.org","@graph":[{"@type":"WebPage","@id":"https:\/\/faellkran.net\/index.php\/impressum\/","url":"https:\/\/faellkran.net\/index.php\/impressum\/","name":"Impressum - Wilpert Problembaum-F\u00e4llungen","isPartOf":{"@id":"https:\/\/faellkran.net\/#website"},"datePublished":"2022-04-27T07:22:38+00:00","dateModified":"2022-04-27T07:38:20+00:00","breadcrumb":{"@id":"https:\/\/faellkran.net\/index.php\/impressum\/#breadcrumb"},"inLanguage":"de","potentialAction":[{"@type":"ReadAction","target":["https:\/\/faellkran.net\/index.php\/impressum\/"]}]},{"@type":"BreadcrumbList","@id":"https:\/\/faellkran.net\/index.php\/impressum\/#breadcrumb","itemListElement":[{"@type":"ListItem","position":1,"name":"Startseite","item":"https:\/\/faellkran.net\/"},{"@type":"ListItem","position":2,"name":"Impressum"}]},{"@type":"WebSite","@id":"https:\/\/faellkran.net\/#website","url":"https:\/\/faellkran.net\/","name":"Wilpert Problembaum-F\u00e4llungen","description":"","publisher":{"@id":"https:\/\/faellkran.net\/#organization"},"potentialAction":[{"@type":"SearchAction","target":{"@type":"EntryPoint","urlTemplate":"https:\/\/faellkran.net\/?s={search_term_string}"},"query-input":{"@type":"PropertyValueSpecification","valueRequired":true,"valueName":"search_term_string"}}],"inLanguage":"de"},{"@type":"Organization","@id":"https:\/\/faellkran.net\/#organization","name":"Wilpert Problembaum-F\u00e4llungen","url":"https:\/\/faellkran.net\/","logo":{"@type":"ImageObject","inLanguage":"de","@id":"https:\/\/faellkran.net\/#\/schema\/logo\/image\/","url":"https:\/\/faellkran.net\/wp-content\/uploads\/2021\/10\/cropped-cropped-Logo-gimp-3.png","contentUrl":"https:\/\/faellkran.net\/wp-content\/uploads\/2021\/10\/cropped-cropped-Logo-gimp-3.png","width":167,"height":250,"caption":"Wilpert Problembaum-F\u00e4llungen"},"image":{"@id":"https:\/\/faellkran.net\/#\/schema\/logo\/image\/"}}]}},"_links":{"self":[{"href":"https:\/\/faellkran.net\/index.php\/wp-json\/wp\/v2\/pages\/234","targetHints":{"allow":["GET"]}}],"collection":[{"href":"https:\/\/faellkran.net\/index.php\/wp-json\/wp\/v2\/pages"}],"about":[{"href":"https:\/\/faellkran.net\/index.php\/wp-json\/wp\/v2\/types\/page"}],"author":[{"embeddable":true,"href":"https:\/\/faellkran.net\/index.php\/wp-json\/wp\/v2\/users\/1"}],"replies":[{"embeddable":true,"href":"https:\/\/faellkran.net\/index.php\/wp-json\/wp\/v2\/comments?post=234"}],"version-history":[{"count":7,"href":"https:\/\/faellkran.net\/index.php\/wp-json\/wp\/v2\/pages\/234\/revisions"}],"predecessor-version":[{"id":249,"href":"https:\/\/faellkran.net\/index.php\/wp-json\/wp\/v2\/pages\/234\/revisions\/249"}],"wp:attachment":[{"href":"https:\/\/faellkran.net\/index.php\/wp-json\/wp\/v2\/media?parent=234"}],"curies":[{"name":"wp","href":"https:\/\/api.w.org\/{rel}","templated":true}]}}