{"id":176,"date":"2021-10-28T09:33:05","date_gmt":"2021-10-28T09:33:05","guid":{"rendered":"https:\/\/faellkran.net\/?page_id=176"},"modified":"2021-11-03T15:48:07","modified_gmt":"2021-11-03T15:48:07","slug":"einsatzgebiet","status":"publish","type":"page","link":"https:\/\/faellkran.net\/index.php\/einsatzgebiet\/","title":{"rendered":"Einsatzgebiet"},"content":{"rendered":"\t\t<div data-elementor-type=\"wp-page\" data-elementor-id=\"176\" class=\"elementor elementor-176\">\n\t\t\t\t\t\t<section class=\"elementor-section elementor-top-section elementor-element elementor-element-1c2aef5 elementor-section-stretched elementor-section-boxed elementor-section-height-default elementor-section-height-default\" data-id=\"1c2aef5\" data-element_type=\"section\" data-e-type=\"section\" data-settings=\"{&quot;stretch_section&quot;:&quot;section-stretched&quot;}\">\n\t\t\t\t\t\t<div class=\"elementor-container elementor-column-gap-default\">\n\t\t\t\t\t<div class=\"elementor-column elementor-col-100 elementor-top-column elementor-element elementor-element-020667b\" data-id=\"020667b\" data-element_type=\"column\" data-e-type=\"column\">\n\t\t\t<div class=\"elementor-widget-wrap elementor-element-populated\">\n\t\t\t\t\t\t<div class=\"elementor-element elementor-element-bf85477 elementor-widget elementor-widget-heading\" data-id=\"bf85477\" data-element_type=\"widget\" data-e-type=\"widget\" data-widget_type=\"heading.default\">\n\t\t\t\t<div class=\"elementor-widget-container\">\n\t\t\t\t\t<h2 class=\"elementor-heading-title elementor-size-default\">M\u00d6GLICHE EINSATZGEBIETE<\/h2>\t\t\t\t<\/div>\n\t\t\t\t<\/div>\n\t\t\t\t\t<\/div>\n\t\t<\/div>\n\t\t\t\t\t<\/div>\n\t\t<\/section>\n\t\t\t\t<section class=\"elementor-section elementor-top-section elementor-element elementor-element-15de1c4 elementor-section-stretched elementor-section-boxed elementor-section-height-default elementor-section-height-default\" data-id=\"15de1c4\" data-element_type=\"section\" data-e-type=\"section\" data-settings=\"{&quot;stretch_section&quot;:&quot;section-stretched&quot;}\">\n\t\t\t\t\t\t<div class=\"elementor-container elementor-column-gap-default\">\n\t\t\t\t\t<div class=\"elementor-column elementor-col-100 elementor-top-column elementor-element elementor-element-4b48070\" data-id=\"4b48070\" data-element_type=\"column\" data-e-type=\"column\">\n\t\t\t<div class=\"elementor-widget-wrap elementor-element-populated\">\n\t\t\t\t\t\t<div class=\"elementor-element elementor-element-2a5e90e elementor-widget elementor-widget-text-editor\" data-id=\"2a5e90e\" data-element_type=\"widget\" data-e-type=\"widget\" data-widget_type=\"text-editor.default\">\n\t\t\t\t<div class=\"elementor-widget-container\">\n\t\t\t\t\t\t\t\t\t<ul><li>Parks<\/li><li>Stra\u00dfen mit dichter Bebauung<\/li><li>schlecht zug\u00e4ngliche Grundst\u00fccke<\/li><\/ul>\t\t\t\t\t\t\t\t<\/div>\n\t\t\t\t<\/div>\n\t\t\t\t<div class=\"elementor-element elementor-element-9c02c29 elementor-widget elementor-widget-spacer\" data-id=\"9c02c29\" data-element_type=\"widget\" data-e-type=\"widget\" data-widget_type=\"spacer.default\">\n\t\t\t\t<div class=\"elementor-widget-container\">\n\t\t\t\t\t\t\t<div class=\"elementor-spacer\">\n\t\t\t<div class=\"elementor-spacer-inner\"><\/div>\n\t\t<\/div>\n\t\t\t\t\t\t<\/div>\n\t\t\t\t<\/div>\n\t\t\t\t\t<\/div>\n\t\t<\/div>\n\t\t\t\t\t<\/div>\n\t\t<\/section>\n\t\t\t\t<section class=\"elementor-section elementor-top-section elementor-element elementor-element-aadd378 elementor-section-stretched elementor-section-boxed elementor-section-height-default elementor-section-height-default\" data-id=\"aadd378\" data-element_type=\"section\" data-e-type=\"section\" data-settings=\"{&quot;stretch_section&quot;:&quot;section-stretched&quot;}\">\n\t\t\t\t\t\t<div class=\"elementor-container elementor-column-gap-default\">\n\t\t\t\t\t<div class=\"elementor-column elementor-col-100 elementor-top-column elementor-element elementor-element-c6c1116\" data-id=\"c6c1116\" data-element_type=\"column\" data-e-type=\"column\">\n\t\t\t<div class=\"elementor-widget-wrap elementor-element-populated\">\n\t\t\t\t\t\t<div class=\"elementor-element elementor-element-d6b1c57 elementor-widget elementor-widget-text-editor\" data-id=\"d6b1c57\" data-element_type=\"widget\" data-e-type=\"widget\" data-widget_type=\"text-editor.default\">\n\t\t\t\t<div class=\"elementor-widget-container\">\n\t\t\t\t\t\t\t\t\t<p>B\u00e4ume k\u00f6nnen \u00fcber die Jahre unbemerkt zu einem gro\u00dfen Problem werden. Dann ist es meistens nicht mehr m\u00f6glich, mit herk\u00f6mmlichen Mitteln die B\u00e4ume zuzuschneiden oder zu f\u00e4llen.<\/p><p>Die bekannten Methoden, Abtragen mit Hubb\u00fchne oder der Einsatz von Baumkletterern bringt die Gefahr mit sich, da\u00df die Krone oder gro\u00dfe \u00c4ste unkontrolliert zu Boden gehen k\u00f6nnen und dabei Schaden anrichten. Dabei entstehen zu dem enorme Kosten durch hohen Personalaufwand. Wir haben genau f\u00fcr diese Anwendung einen drehbaren gel\u00e4ndeg\u00e4ngigen Teleskoplader umbauen lassen.<\/p><p>Durch den Einsatz eines F\u00e4llkrans k\u00f6nnen B\u00e4ume, die nah an Geb\u00e4uden, Strassen oder in schlecht zug\u00e4nglichen Grundst\u00fccken und Parks sicher und effizient abgetragen werden.<\/p><p>Ein F\u00e4llkran, wie unser Manitou MRT2150 ist durch seine Baugr\u00f6\u00dfe, Wendigkeit und Gel\u00e4ndeg\u00e4ngigkeit auch dort noch einsetzbar, wo LKW gebundene Kr\u00e4ne keinen Zugang haben.<\/p><p>\u00a0<\/p><p>\u00a0<\/p><p style=\"font-weight: 400;\">Die technischen Daten sprechen f\u00fcr sich:<\/p><p style=\"font-weight: 400;\">Aufstellmasse mit voll ausgefahrenen St\u00fctzen 5,55\u00d75,19 m<\/p><p style=\"font-weight: 400;\">Gesamtgewicht incl. F\u00e4llgreifer18,5t<\/p><p style=\"font-weight: 400;\">Allradantrieb<\/p><p style=\"font-weight: 400;\">Nenntraglast: 5t<\/p><p style=\"font-weight: 400;\">Max. Reichweite 21m<\/p><p style=\"font-weight: 400;\">Wendekreis 4,5m ( Allradlenkung und Hundegang )<\/p><p style=\"font-weight: 400;\">Alle Hydraulikbewegungen k\u00f6nnen per Funkfernsteuerung bedient werden. Dadurch ist der Bediener nah am Baum und kann pr\u00e4zise arbeiten.<\/p>\t\t\t\t\t\t\t\t<\/div>\n\t\t\t\t<\/div>\n\t\t\t\t\t<\/div>\n\t\t<\/div>\n\t\t\t\t\t<\/div>\n\t\t<\/section>\n\t\t\t\t<\/div>\n\t\t","protected":false},"excerpt":{"rendered":"<p>M\u00d6GLICHE EINSATZGEBIETE Parks Stra\u00dfen mit dichter Bebauung schlecht zug\u00e4ngliche Grundst\u00fccke B\u00e4ume k\u00f6nnen \u00fcber die Jahre unbemerkt zu einem gro\u00dfen Problem werden. Dann ist es meistens nicht mehr m\u00f6glich, mit herk\u00f6mmlichen Mitteln die B\u00e4ume zuzuschneiden oder zu f\u00e4llen. Die bekannten Methoden, Abtragen mit Hubb\u00fchne oder der Einsatz von Baumkletterern bringt die Gefahr mit sich, da\u00df die &hellip; <\/p>\n<p class=\"link-more\"><a href=\"https:\/\/faellkran.net\/index.php\/einsatzgebiet\/\" class=\"more-link\"><span class=\"screen-reader-text\">\u201eEinsatzgebiet\u201c <\/span>weiterlesen<\/a><\/p>\n","protected":false},"author":1,"featured_media":0,"parent":0,"menu_order":0,"comment_status":"closed","ping_status":"closed","template":"","meta":{"footnotes":""},"class_list":["post-176","page","type-page","status-publish","hentry"],"yoast_head":"<!-- This site is optimized with the Yoast SEO plugin v27.5 - https:\/\/yoast.com\/product\/yoast-seo-wordpress\/ -->\n<title>Einsatzgebiet - Wilpert Problembaum-F\u00e4llungen<\/title>\n<meta name=\"robots\" content=\"index, follow, max-snippet:-1, max-image-preview:large, max-video-preview:-1\" \/>\n<link rel=\"canonical\" href=\"https:\/\/faellkran.net\/index.php\/einsatzgebiet\/\" \/>\n<meta property=\"og:locale\" content=\"de_DE\" \/>\n<meta property=\"og:type\" content=\"article\" \/>\n<meta property=\"og:title\" content=\"Einsatzgebiet - Wilpert Problembaum-F\u00e4llungen\" \/>\n<meta property=\"og:description\" content=\"M\u00d6GLICHE EINSATZGEBIETE Parks Stra\u00dfen mit dichter Bebauung schlecht zug\u00e4ngliche Grundst\u00fccke B\u00e4ume k\u00f6nnen \u00fcber die Jahre unbemerkt zu einem gro\u00dfen Problem werden. Dann ist es meistens nicht mehr m\u00f6glich, mit herk\u00f6mmlichen Mitteln die B\u00e4ume zuzuschneiden oder zu f\u00e4llen. Die bekannten Methoden, Abtragen mit Hubb\u00fchne oder der Einsatz von Baumkletterern bringt die Gefahr mit sich, da\u00df die &hellip; \u201eEinsatzgebiet\u201c weiterlesen\" \/>\n<meta property=\"og:url\" content=\"https:\/\/faellkran.net\/index.php\/einsatzgebiet\/\" \/>\n<meta property=\"og:site_name\" content=\"Wilpert Problembaum-F\u00e4llungen\" \/>\n<meta property=\"article:modified_time\" content=\"2021-11-03T15:48:07+00:00\" \/>\n<meta name=\"twitter:card\" content=\"summary_large_image\" \/>\n<meta name=\"twitter:label1\" content=\"Gesch\u00e4tzte Lesezeit\" \/>\n\t<meta name=\"twitter:data1\" content=\"1\u00a0Minute\" \/>\n<script type=\"application\/ld+json\" class=\"yoast-schema-graph\">{\"@context\":\"https:\\\/\\\/schema.org\",\"@graph\":[{\"@type\":\"WebPage\",\"@id\":\"https:\\\/\\\/faellkran.net\\\/index.php\\\/einsatzgebiet\\\/\",\"url\":\"https:\\\/\\\/faellkran.net\\\/index.php\\\/einsatzgebiet\\\/\",\"name\":\"Einsatzgebiet - Wilpert Problembaum-F\u00e4llungen\",\"isPartOf\":{\"@id\":\"https:\\\/\\\/faellkran.net\\\/#website\"},\"datePublished\":\"2021-10-28T09:33:05+00:00\",\"dateModified\":\"2021-11-03T15:48:07+00:00\",\"breadcrumb\":{\"@id\":\"https:\\\/\\\/faellkran.net\\\/index.php\\\/einsatzgebiet\\\/#breadcrumb\"},\"inLanguage\":\"de\",\"potentialAction\":[{\"@type\":\"ReadAction\",\"target\":[\"https:\\\/\\\/faellkran.net\\\/index.php\\\/einsatzgebiet\\\/\"]}]},{\"@type\":\"BreadcrumbList\",\"@id\":\"https:\\\/\\\/faellkran.net\\\/index.php\\\/einsatzgebiet\\\/#breadcrumb\",\"itemListElement\":[{\"@type\":\"ListItem\",\"position\":1,\"name\":\"Startseite\",\"item\":\"https:\\\/\\\/faellkran.net\\\/\"},{\"@type\":\"ListItem\",\"position\":2,\"name\":\"Einsatzgebiet\"}]},{\"@type\":\"WebSite\",\"@id\":\"https:\\\/\\\/faellkran.net\\\/#website\",\"url\":\"https:\\\/\\\/faellkran.net\\\/\",\"name\":\"Wilpert Problembaum-F\u00e4llungen\",\"description\":\"\",\"publisher\":{\"@id\":\"https:\\\/\\\/faellkran.net\\\/#organization\"},\"potentialAction\":[{\"@type\":\"SearchAction\",\"target\":{\"@type\":\"EntryPoint\",\"urlTemplate\":\"https:\\\/\\\/faellkran.net\\\/?s={search_term_string}\"},\"query-input\":{\"@type\":\"PropertyValueSpecification\",\"valueRequired\":true,\"valueName\":\"search_term_string\"}}],\"inLanguage\":\"de\"},{\"@type\":\"Organization\",\"@id\":\"https:\\\/\\\/faellkran.net\\\/#organization\",\"name\":\"Wilpert Problembaum-F\u00e4llungen\",\"url\":\"https:\\\/\\\/faellkran.net\\\/\",\"logo\":{\"@type\":\"ImageObject\",\"inLanguage\":\"de\",\"@id\":\"https:\\\/\\\/faellkran.net\\\/#\\\/schema\\\/logo\\\/image\\\/\",\"url\":\"https:\\\/\\\/faellkran.net\\\/wp-content\\\/uploads\\\/2021\\\/10\\\/cropped-cropped-Logo-gimp-3.png\",\"contentUrl\":\"https:\\\/\\\/faellkran.net\\\/wp-content\\\/uploads\\\/2021\\\/10\\\/cropped-cropped-Logo-gimp-3.png\",\"width\":167,\"height\":250,\"caption\":\"Wilpert Problembaum-F\u00e4llungen\"},\"image\":{\"@id\":\"https:\\\/\\\/faellkran.net\\\/#\\\/schema\\\/logo\\\/image\\\/\"}}]}<\/script>\n<!-- \/ Yoast SEO plugin. -->","yoast_head_json":{"title":"Einsatzgebiet - Wilpert Problembaum-F\u00e4llungen","robots":{"index":"index","follow":"follow","max-snippet":"max-snippet:-1","max-image-preview":"max-image-preview:large","max-video-preview":"max-video-preview:-1"},"canonical":"https:\/\/faellkran.net\/index.php\/einsatzgebiet\/","og_locale":"de_DE","og_type":"article","og_title":"Einsatzgebiet - Wilpert Problembaum-F\u00e4llungen","og_description":"M\u00d6GLICHE EINSATZGEBIETE Parks Stra\u00dfen mit dichter Bebauung schlecht zug\u00e4ngliche Grundst\u00fccke B\u00e4ume k\u00f6nnen \u00fcber die Jahre unbemerkt zu einem gro\u00dfen Problem werden. Dann ist es meistens nicht mehr m\u00f6glich, mit herk\u00f6mmlichen Mitteln die B\u00e4ume zuzuschneiden oder zu f\u00e4llen. Die bekannten Methoden, Abtragen mit Hubb\u00fchne oder der Einsatz von Baumkletterern bringt die Gefahr mit sich, da\u00df die &hellip; \u201eEinsatzgebiet\u201c weiterlesen","og_url":"https:\/\/faellkran.net\/index.php\/einsatzgebiet\/","og_site_name":"Wilpert Problembaum-F\u00e4llungen","article_modified_time":"2021-11-03T15:48:07+00:00","twitter_card":"summary_large_image","twitter_misc":{"Gesch\u00e4tzte Lesezeit":"1\u00a0Minute"},"schema":{"@context":"https:\/\/schema.org","@graph":[{"@type":"WebPage","@id":"https:\/\/faellkran.net\/index.php\/einsatzgebiet\/","url":"https:\/\/faellkran.net\/index.php\/einsatzgebiet\/","name":"Einsatzgebiet - Wilpert Problembaum-F\u00e4llungen","isPartOf":{"@id":"https:\/\/faellkran.net\/#website"},"datePublished":"2021-10-28T09:33:05+00:00","dateModified":"2021-11-03T15:48:07+00:00","breadcrumb":{"@id":"https:\/\/faellkran.net\/index.php\/einsatzgebiet\/#breadcrumb"},"inLanguage":"de","potentialAction":[{"@type":"ReadAction","target":["https:\/\/faellkran.net\/index.php\/einsatzgebiet\/"]}]},{"@type":"BreadcrumbList","@id":"https:\/\/faellkran.net\/index.php\/einsatzgebiet\/#breadcrumb","itemListElement":[{"@type":"ListItem","position":1,"name":"Startseite","item":"https:\/\/faellkran.net\/"},{"@type":"ListItem","position":2,"name":"Einsatzgebiet"}]},{"@type":"WebSite","@id":"https:\/\/faellkran.net\/#website","url":"https:\/\/faellkran.net\/","name":"Wilpert Problembaum-F\u00e4llungen","description":"","publisher":{"@id":"https:\/\/faellkran.net\/#organization"},"potentialAction":[{"@type":"SearchAction","target":{"@type":"EntryPoint","urlTemplate":"https:\/\/faellkran.net\/?s={search_term_string}"},"query-input":{"@type":"PropertyValueSpecification","valueRequired":true,"valueName":"search_term_string"}}],"inLanguage":"de"},{"@type":"Organization","@id":"https:\/\/faellkran.net\/#organization","name":"Wilpert Problembaum-F\u00e4llungen","url":"https:\/\/faellkran.net\/","logo":{"@type":"ImageObject","inLanguage":"de","@id":"https:\/\/faellkran.net\/#\/schema\/logo\/image\/","url":"https:\/\/faellkran.net\/wp-content\/uploads\/2021\/10\/cropped-cropped-Logo-gimp-3.png","contentUrl":"https:\/\/faellkran.net\/wp-content\/uploads\/2021\/10\/cropped-cropped-Logo-gimp-3.png","width":167,"height":250,"caption":"Wilpert Problembaum-F\u00e4llungen"},"image":{"@id":"https:\/\/faellkran.net\/#\/schema\/logo\/image\/"}}]}},"_links":{"self":[{"href":"https:\/\/faellkran.net\/index.php\/wp-json\/wp\/v2\/pages\/176","targetHints":{"allow":["GET"]}}],"collection":[{"href":"https:\/\/faellkran.net\/index.php\/wp-json\/wp\/v2\/pages"}],"about":[{"href":"https:\/\/faellkran.net\/index.php\/wp-json\/wp\/v2\/types\/page"}],"author":[{"embeddable":true,"href":"https:\/\/faellkran.net\/index.php\/wp-json\/wp\/v2\/users\/1"}],"replies":[{"embeddable":true,"href":"https:\/\/faellkran.net\/index.php\/wp-json\/wp\/v2\/comments?post=176"}],"version-history":[{"count":23,"href":"https:\/\/faellkran.net\/index.php\/wp-json\/wp\/v2\/pages\/176\/revisions"}],"predecessor-version":[{"id":221,"href":"https:\/\/faellkran.net\/index.php\/wp-json\/wp\/v2\/pages\/176\/revisions\/221"}],"wp:attachment":[{"href":"https:\/\/faellkran.net\/index.php\/wp-json\/wp\/v2\/media?parent=176"}],"curies":[{"name":"wp","href":"https:\/\/api.w.org\/{rel}","templated":true}]}}