{"id":153,"date":"2021-10-28T08:30:56","date_gmt":"2021-10-28T08:30:56","guid":{"rendered":"https:\/\/faellkran.net\/?page_id=153"},"modified":"2021-11-02T08:40:25","modified_gmt":"2021-11-02T08:40:25","slug":"der-faellkran","status":"publish","type":"page","link":"https:\/\/faellkran.net\/index.php\/der-faellkran\/","title":{"rendered":"Der F\u00e4llkran:"},"content":{"rendered":"\t\t<div data-elementor-type=\"wp-page\" data-elementor-id=\"153\" class=\"elementor elementor-153\">\n\t\t\t\t\t\t<section class=\"elementor-section elementor-top-section elementor-element elementor-element-00843d1 elementor-section-stretched elementor-section-boxed elementor-section-height-default elementor-section-height-default\" data-id=\"00843d1\" data-element_type=\"section\" data-e-type=\"section\" data-settings=\"{&quot;stretch_section&quot;:&quot;section-stretched&quot;}\">\n\t\t\t\t\t\t<div class=\"elementor-container elementor-column-gap-default\">\n\t\t\t\t\t<div class=\"elementor-column elementor-col-100 elementor-top-column elementor-element elementor-element-6ca1275\" data-id=\"6ca1275\" data-element_type=\"column\" data-e-type=\"column\">\n\t\t\t<div class=\"elementor-widget-wrap elementor-element-populated\">\n\t\t\t\t\t\t<div class=\"elementor-element elementor-element-0647599 elementor-widget elementor-widget-heading\" data-id=\"0647599\" data-element_type=\"widget\" data-e-type=\"widget\" data-widget_type=\"heading.default\">\n\t\t\t\t<div class=\"elementor-widget-container\">\n\t\t\t\t\t<h2 class=\"elementor-heading-title elementor-size-default\">DER F\u00c4LLKRAN<\/h2>\t\t\t\t<\/div>\n\t\t\t\t<\/div>\n\t\t\t\t<div class=\"elementor-element elementor-element-3c2d1ea elementor-arrows-position-inside elementor-widget elementor-widget-image-carousel\" data-id=\"3c2d1ea\" data-element_type=\"widget\" data-e-type=\"widget\" data-settings=\"{&quot;slides_to_show&quot;:&quot;1&quot;,&quot;navigation&quot;:&quot;arrows&quot;,&quot;autoplay&quot;:&quot;yes&quot;,&quot;pause_on_hover&quot;:&quot;yes&quot;,&quot;pause_on_interaction&quot;:&quot;yes&quot;,&quot;autoplay_speed&quot;:5000,&quot;infinite&quot;:&quot;yes&quot;,&quot;effect&quot;:&quot;slide&quot;,&quot;speed&quot;:500}\" data-widget_type=\"image-carousel.default\">\n\t\t\t\t<div class=\"elementor-widget-container\">\n\t\t\t\t\t\t\t<div class=\"elementor-image-carousel-wrapper swiper\" role=\"region\" aria-roledescription=\"carousel\" aria-label=\"Bild Karussell\" dir=\"ltr\">\n\t\t\t<div class=\"elementor-image-carousel swiper-wrapper\" aria-live=\"off\">\n\t\t\t\t\t\t\t\t<div class=\"swiper-slide\" role=\"group\" aria-roledescription=\"slide\" aria-label=\"1 von 4\"><figure class=\"swiper-slide-inner\"><img decoding=\"async\" class=\"swiper-slide-image\" src=\"https:\/\/faellkran.net\/wp-content\/uploads\/2021\/10\/cropped-WWFF1296.jpg\" alt=\"cropped-WWFF1296.jpg\" \/><\/figure><\/div><div class=\"swiper-slide\" role=\"group\" aria-roledescription=\"slide\" aria-label=\"2 von 4\"><figure class=\"swiper-slide-inner\"><img decoding=\"async\" class=\"swiper-slide-image\" src=\"https:\/\/faellkran.net\/wp-content\/uploads\/2021\/10\/cropped-cropped-OAYK5488.jpg\" alt=\"cropped-cropped-OAYK5488.jpg\" \/><\/figure><\/div><div class=\"swiper-slide\" role=\"group\" aria-roledescription=\"slide\" aria-label=\"3 von 4\"><figure class=\"swiper-slide-inner\"><img decoding=\"async\" class=\"swiper-slide-image\" src=\"https:\/\/faellkran.net\/wp-content\/uploads\/2021\/10\/QGCD4700.jpg\" alt=\"QGCD4700\" \/><\/figure><\/div><div class=\"swiper-slide\" role=\"group\" aria-roledescription=\"slide\" aria-label=\"4 von 4\"><figure class=\"swiper-slide-inner\"><img decoding=\"async\" class=\"swiper-slide-image\" src=\"https:\/\/faellkran.net\/wp-content\/uploads\/2021\/10\/IMG_4515-scaled.jpg\" alt=\"IMG_4515\" \/><\/figure><\/div>\t\t\t<\/div>\n\t\t\t\t\t\t\t\t\t\t\t\t<div class=\"elementor-swiper-button elementor-swiper-button-prev\" role=\"button\" tabindex=\"0\">\n\t\t\t\t\t\t<i aria-hidden=\"true\" class=\"eicon-chevron-left\"><\/i>\t\t\t\t\t<\/div>\n\t\t\t\t\t<div class=\"elementor-swiper-button elementor-swiper-button-next\" role=\"button\" tabindex=\"0\">\n\t\t\t\t\t\t<i aria-hidden=\"true\" class=\"eicon-chevron-right\"><\/i>\t\t\t\t\t<\/div>\n\t\t\t\t\n\t\t\t\t\t\t\t\t\t<\/div>\n\t\t\t\t\t\t<\/div>\n\t\t\t\t<\/div>\n\t\t\t\t\t<\/div>\n\t\t<\/div>\n\t\t\t\t\t<\/div>\n\t\t<\/section>\n\t\t\t\t<section class=\"elementor-section elementor-top-section elementor-element elementor-element-9e7282e elementor-section-stretched elementor-section-boxed elementor-section-height-default elementor-section-height-default\" data-id=\"9e7282e\" data-element_type=\"section\" data-e-type=\"section\" data-settings=\"{&quot;stretch_section&quot;:&quot;section-stretched&quot;}\">\n\t\t\t\t\t\t<div class=\"elementor-container elementor-column-gap-default\">\n\t\t\t\t\t<div class=\"elementor-column elementor-col-100 elementor-top-column elementor-element elementor-element-c6032ba\" data-id=\"c6032ba\" data-element_type=\"column\" data-e-type=\"column\">\n\t\t\t<div class=\"elementor-widget-wrap elementor-element-populated\">\n\t\t\t\t\t\t<div class=\"elementor-element elementor-element-2ebc50e elementor-widget elementor-widget-wp-widget-text\" data-id=\"2ebc50e\" data-element_type=\"widget\" data-e-type=\"widget\" data-widget_type=\"wp-widget-text.default\">\n\t\t\t\t<div class=\"elementor-widget-container\">\n\t\t\t\t\t\t\t\t<div class=\"textwidget\"><p>Unser F\u00e4llkran ist ein modifizierter Manitou Tele-Lader. Beim Umbau wurde darauf geachtet, dass die Maschine relativ klein, hoch wendig durch Allradlenkung und gel\u00e4ndeg\u00e4ngig durch Allradantrieb ist. Zudem hat er eine Reichweite von 21 Meter und eine Nenntraglast von 5 Tonnen.<\/p>\n<p>Ein weiterer Vorteil: Die Maschine ist komplett mit Funkfernsteuerung bedienbar.<\/p>\n<p>Es wird kein zweiter Mann als Einweiser gebraucht, und die Maschine kann pr\u00e4ziser und schneller<\/p>\n<p>gesteuert werden.<\/p>\n<p>&nbsp;<\/p>\n<p>Es gibt verschiedene Ausf\u00fchrungen eines F\u00e4llkranes:<\/p>\n<ol>\n<li>F\u00e4llgreifer an Autokran oder LKW Kran montiert = Gro\u00dfes, schweres Fahrzeug. Gro\u00dfe Stellplatz erforderlich, stabile breite Zufahrt n\u00f6tig.<\/li>\n<li>F\u00e4llgreifer an Teleskoplader montiert = Kleines gel\u00e4ndeg\u00e4ngiges Fahrzeug, kleiner Stellplatz<\/li>\n<\/ol>\n<p>Herk\u00f6mmliche L\u00f6sungen zur F\u00e4llung von Problemb\u00e4umen:<\/p>\n<ol>\n<li>St\u00fcckweises abs\u00e4gen mit Arbeitsb\u00fchne \u2013 Gefahr durch unkontrolliertes Fallen von Baumteilen<\/li>\n<li>Klettertechnik Baumkletterer \u2013 Personal und Zeitintensiv<\/li>\n<li>Konventionelles F\u00e4llen mit der Motors\u00e4ge<\/li>\n<\/ol>\n<\/div>\n\t\t\t\t\t\t<\/div>\n\t\t\t\t<\/div>\n\t\t\t\t\t<\/div>\n\t\t<\/div>\n\t\t\t\t\t<\/div>\n\t\t<\/section>\n\t\t\t\t<section class=\"elementor-section elementor-top-section elementor-element elementor-element-fac0458 elementor-section-full_width elementor-section-stretched elementor-section-height-default elementor-section-height-default\" data-id=\"fac0458\" data-element_type=\"section\" data-e-type=\"section\" data-settings=\"{&quot;stretch_section&quot;:&quot;section-stretched&quot;}\">\n\t\t\t\t\t\t<div class=\"elementor-container elementor-column-gap-default\">\n\t\t\t\t\t<div class=\"elementor-column elementor-col-100 elementor-top-column elementor-element elementor-element-b6fdba9\" data-id=\"b6fdba9\" data-element_type=\"column\" data-e-type=\"column\">\n\t\t\t<div class=\"elementor-widget-wrap\">\n\t\t\t\t\t\t\t<\/div>\n\t\t<\/div>\n\t\t\t\t\t<\/div>\n\t\t<\/section>\n\t\t\t\t<\/div>\n\t\t","protected":false},"excerpt":{"rendered":"<p>DER F\u00c4LLKRAN Zur\u00fcck Weiter<\/p>\n","protected":false},"author":1,"featured_media":0,"parent":0,"menu_order":0,"comment_status":"closed","ping_status":"closed","template":"","meta":{"footnotes":""},"class_list":["post-153","page","type-page","status-publish","hentry"],"yoast_head":"<!-- This site is optimized with the Yoast SEO plugin v27.4 - https:\/\/yoast.com\/product\/yoast-seo-wordpress\/ -->\n<title>Der F\u00e4llkran: - Wilpert Problembaum-F\u00e4llungen<\/title>\n<meta name=\"robots\" content=\"index, follow, max-snippet:-1, max-image-preview:large, max-video-preview:-1\" \/>\n<link rel=\"canonical\" href=\"https:\/\/faellkran.net\/index.php\/der-faellkran\/\" \/>\n<meta property=\"og:locale\" content=\"de_DE\" \/>\n<meta property=\"og:type\" content=\"article\" \/>\n<meta property=\"og:title\" content=\"Der F\u00e4llkran: - Wilpert Problembaum-F\u00e4llungen\" \/>\n<meta property=\"og:description\" content=\"DER F\u00c4LLKRAN Zur\u00fcck Weiter\" \/>\n<meta property=\"og:url\" content=\"https:\/\/faellkran.net\/index.php\/der-faellkran\/\" \/>\n<meta property=\"og:site_name\" content=\"Wilpert Problembaum-F\u00e4llungen\" \/>\n<meta property=\"article:modified_time\" content=\"2021-11-02T08:40:25+00:00\" \/>\n<meta property=\"og:image\" content=\"https:\/\/faellkran.net\/wp-content\/uploads\/2021\/10\/cropped-WWFF1296.jpg\" \/>\n<meta name=\"twitter:card\" content=\"summary_large_image\" \/>\n<meta name=\"twitter:label1\" content=\"Gesch\u00e4tzte Lesezeit\" \/>\n\t<meta name=\"twitter:data1\" content=\"2\u00a0Minuten\" \/>\n<script type=\"application\/ld+json\" class=\"yoast-schema-graph\">{\"@context\":\"https:\\\/\\\/schema.org\",\"@graph\":[{\"@type\":\"WebPage\",\"@id\":\"https:\\\/\\\/faellkran.net\\\/index.php\\\/der-faellkran\\\/\",\"url\":\"https:\\\/\\\/faellkran.net\\\/index.php\\\/der-faellkran\\\/\",\"name\":\"Der F\u00e4llkran: - Wilpert Problembaum-F\u00e4llungen\",\"isPartOf\":{\"@id\":\"https:\\\/\\\/faellkran.net\\\/#website\"},\"primaryImageOfPage\":{\"@id\":\"https:\\\/\\\/faellkran.net\\\/index.php\\\/der-faellkran\\\/#primaryimage\"},\"image\":{\"@id\":\"https:\\\/\\\/faellkran.net\\\/index.php\\\/der-faellkran\\\/#primaryimage\"},\"thumbnailUrl\":\"https:\\\/\\\/faellkran.net\\\/wp-content\\\/uploads\\\/2021\\\/10\\\/cropped-WWFF1296.jpg\",\"datePublished\":\"2021-10-28T08:30:56+00:00\",\"dateModified\":\"2021-11-02T08:40:25+00:00\",\"breadcrumb\":{\"@id\":\"https:\\\/\\\/faellkran.net\\\/index.php\\\/der-faellkran\\\/#breadcrumb\"},\"inLanguage\":\"de\",\"potentialAction\":[{\"@type\":\"ReadAction\",\"target\":[\"https:\\\/\\\/faellkran.net\\\/index.php\\\/der-faellkran\\\/\"]}]},{\"@type\":\"ImageObject\",\"inLanguage\":\"de\",\"@id\":\"https:\\\/\\\/faellkran.net\\\/index.php\\\/der-faellkran\\\/#primaryimage\",\"url\":\"https:\\\/\\\/faellkran.net\\\/wp-content\\\/uploads\\\/2021\\\/10\\\/cropped-WWFF1296.jpg\",\"contentUrl\":\"https:\\\/\\\/faellkran.net\\\/wp-content\\\/uploads\\\/2021\\\/10\\\/cropped-WWFF1296.jpg\",\"width\":2000,\"height\":1500},{\"@type\":\"BreadcrumbList\",\"@id\":\"https:\\\/\\\/faellkran.net\\\/index.php\\\/der-faellkran\\\/#breadcrumb\",\"itemListElement\":[{\"@type\":\"ListItem\",\"position\":1,\"name\":\"Startseite\",\"item\":\"https:\\\/\\\/faellkran.net\\\/\"},{\"@type\":\"ListItem\",\"position\":2,\"name\":\"Der F\u00e4llkran:\"}]},{\"@type\":\"WebSite\",\"@id\":\"https:\\\/\\\/faellkran.net\\\/#website\",\"url\":\"https:\\\/\\\/faellkran.net\\\/\",\"name\":\"Wilpert Problembaum-F\u00e4llungen\",\"description\":\"\",\"publisher\":{\"@id\":\"https:\\\/\\\/faellkran.net\\\/#organization\"},\"potentialAction\":[{\"@type\":\"SearchAction\",\"target\":{\"@type\":\"EntryPoint\",\"urlTemplate\":\"https:\\\/\\\/faellkran.net\\\/?s={search_term_string}\"},\"query-input\":{\"@type\":\"PropertyValueSpecification\",\"valueRequired\":true,\"valueName\":\"search_term_string\"}}],\"inLanguage\":\"de\"},{\"@type\":\"Organization\",\"@id\":\"https:\\\/\\\/faellkran.net\\\/#organization\",\"name\":\"Wilpert Problembaum-F\u00e4llungen\",\"url\":\"https:\\\/\\\/faellkran.net\\\/\",\"logo\":{\"@type\":\"ImageObject\",\"inLanguage\":\"de\",\"@id\":\"https:\\\/\\\/faellkran.net\\\/#\\\/schema\\\/logo\\\/image\\\/\",\"url\":\"https:\\\/\\\/faellkran.net\\\/wp-content\\\/uploads\\\/2021\\\/10\\\/cropped-cropped-Logo-gimp-3.png\",\"contentUrl\":\"https:\\\/\\\/faellkran.net\\\/wp-content\\\/uploads\\\/2021\\\/10\\\/cropped-cropped-Logo-gimp-3.png\",\"width\":167,\"height\":250,\"caption\":\"Wilpert Problembaum-F\u00e4llungen\"},\"image\":{\"@id\":\"https:\\\/\\\/faellkran.net\\\/#\\\/schema\\\/logo\\\/image\\\/\"}}]}<\/script>\n<!-- \/ Yoast SEO plugin. -->","yoast_head_json":{"title":"Der F\u00e4llkran: - Wilpert Problembaum-F\u00e4llungen","robots":{"index":"index","follow":"follow","max-snippet":"max-snippet:-1","max-image-preview":"max-image-preview:large","max-video-preview":"max-video-preview:-1"},"canonical":"https:\/\/faellkran.net\/index.php\/der-faellkran\/","og_locale":"de_DE","og_type":"article","og_title":"Der F\u00e4llkran: - Wilpert Problembaum-F\u00e4llungen","og_description":"DER F\u00c4LLKRAN Zur\u00fcck Weiter","og_url":"https:\/\/faellkran.net\/index.php\/der-faellkran\/","og_site_name":"Wilpert Problembaum-F\u00e4llungen","article_modified_time":"2021-11-02T08:40:25+00:00","og_image":[{"url":"https:\/\/faellkran.net\/wp-content\/uploads\/2021\/10\/cropped-WWFF1296.jpg","type":"","width":"","height":""}],"twitter_card":"summary_large_image","twitter_misc":{"Gesch\u00e4tzte Lesezeit":"2\u00a0Minuten"},"schema":{"@context":"https:\/\/schema.org","@graph":[{"@type":"WebPage","@id":"https:\/\/faellkran.net\/index.php\/der-faellkran\/","url":"https:\/\/faellkran.net\/index.php\/der-faellkran\/","name":"Der F\u00e4llkran: - Wilpert Problembaum-F\u00e4llungen","isPartOf":{"@id":"https:\/\/faellkran.net\/#website"},"primaryImageOfPage":{"@id":"https:\/\/faellkran.net\/index.php\/der-faellkran\/#primaryimage"},"image":{"@id":"https:\/\/faellkran.net\/index.php\/der-faellkran\/#primaryimage"},"thumbnailUrl":"https:\/\/faellkran.net\/wp-content\/uploads\/2021\/10\/cropped-WWFF1296.jpg","datePublished":"2021-10-28T08:30:56+00:00","dateModified":"2021-11-02T08:40:25+00:00","breadcrumb":{"@id":"https:\/\/faellkran.net\/index.php\/der-faellkran\/#breadcrumb"},"inLanguage":"de","potentialAction":[{"@type":"ReadAction","target":["https:\/\/faellkran.net\/index.php\/der-faellkran\/"]}]},{"@type":"ImageObject","inLanguage":"de","@id":"https:\/\/faellkran.net\/index.php\/der-faellkran\/#primaryimage","url":"https:\/\/faellkran.net\/wp-content\/uploads\/2021\/10\/cropped-WWFF1296.jpg","contentUrl":"https:\/\/faellkran.net\/wp-content\/uploads\/2021\/10\/cropped-WWFF1296.jpg","width":2000,"height":1500},{"@type":"BreadcrumbList","@id":"https:\/\/faellkran.net\/index.php\/der-faellkran\/#breadcrumb","itemListElement":[{"@type":"ListItem","position":1,"name":"Startseite","item":"https:\/\/faellkran.net\/"},{"@type":"ListItem","position":2,"name":"Der F\u00e4llkran:"}]},{"@type":"WebSite","@id":"https:\/\/faellkran.net\/#website","url":"https:\/\/faellkran.net\/","name":"Wilpert Problembaum-F\u00e4llungen","description":"","publisher":{"@id":"https:\/\/faellkran.net\/#organization"},"potentialAction":[{"@type":"SearchAction","target":{"@type":"EntryPoint","urlTemplate":"https:\/\/faellkran.net\/?s={search_term_string}"},"query-input":{"@type":"PropertyValueSpecification","valueRequired":true,"valueName":"search_term_string"}}],"inLanguage":"de"},{"@type":"Organization","@id":"https:\/\/faellkran.net\/#organization","name":"Wilpert Problembaum-F\u00e4llungen","url":"https:\/\/faellkran.net\/","logo":{"@type":"ImageObject","inLanguage":"de","@id":"https:\/\/faellkran.net\/#\/schema\/logo\/image\/","url":"https:\/\/faellkran.net\/wp-content\/uploads\/2021\/10\/cropped-cropped-Logo-gimp-3.png","contentUrl":"https:\/\/faellkran.net\/wp-content\/uploads\/2021\/10\/cropped-cropped-Logo-gimp-3.png","width":167,"height":250,"caption":"Wilpert Problembaum-F\u00e4llungen"},"image":{"@id":"https:\/\/faellkran.net\/#\/schema\/logo\/image\/"}}]}},"_links":{"self":[{"href":"https:\/\/faellkran.net\/index.php\/wp-json\/wp\/v2\/pages\/153","targetHints":{"allow":["GET"]}}],"collection":[{"href":"https:\/\/faellkran.net\/index.php\/wp-json\/wp\/v2\/pages"}],"about":[{"href":"https:\/\/faellkran.net\/index.php\/wp-json\/wp\/v2\/types\/page"}],"author":[{"embeddable":true,"href":"https:\/\/faellkran.net\/index.php\/wp-json\/wp\/v2\/users\/1"}],"replies":[{"embeddable":true,"href":"https:\/\/faellkran.net\/index.php\/wp-json\/wp\/v2\/comments?post=153"}],"version-history":[{"count":30,"href":"https:\/\/faellkran.net\/index.php\/wp-json\/wp\/v2\/pages\/153\/revisions"}],"predecessor-version":[{"id":218,"href":"https:\/\/faellkran.net\/index.php\/wp-json\/wp\/v2\/pages\/153\/revisions\/218"}],"wp:attachment":[{"href":"https:\/\/faellkran.net\/index.php\/wp-json\/wp\/v2\/media?parent=153"}],"curies":[{"name":"wp","href":"https:\/\/api.w.org\/{rel}","templated":true}]}}